{"id":2108,"date":"2025-06-15T14:55:32","date_gmt":"2025-06-15T12:55:32","guid":{"rendered":"https:\/\/mylampblog.com\/?page_id=2108"},"modified":"2025-11-24T21:19:26","modified_gmt":"2025-11-24T20:19:26","slug":"books","status":"publish","type":"page","link":"https:\/\/mylampblog.com\/de\/books\/","title":{"rendered":"B\u00fccher"},"content":{"rendered":"\n<figure class=\"wp-block-image size-large\"><a href=\"https:\/\/amzn.to\/48wPf2a\"><img loading=\"lazy\" decoding=\"async\" width=\"1024\" height=\"1024\" src=\"https:\/\/mylampblog.com\/wp-content\/uploads\/2025\/11\/Mockup-quadratisch-Innerer-Frieden-in-einer-unruhgen-Welt-1024x1024.jpeg\" alt=\"\" class=\"wp-image-2147\" srcset=\"https:\/\/mylampblog.com\/wp-content\/uploads\/2025\/11\/Mockup-quadratisch-Innerer-Frieden-in-einer-unruhgen-Welt-1024x1024.jpeg 1024w, https:\/\/mylampblog.com\/wp-content\/uploads\/2025\/11\/Mockup-quadratisch-Innerer-Frieden-in-einer-unruhgen-Welt-300x300.jpeg 300w, https:\/\/mylampblog.com\/wp-content\/uploads\/2025\/11\/Mockup-quadratisch-Innerer-Frieden-in-einer-unruhgen-Welt-150x150.jpeg 150w, https:\/\/mylampblog.com\/wp-content\/uploads\/2025\/11\/Mockup-quadratisch-Innerer-Frieden-in-einer-unruhgen-Welt-768x768.jpeg 768w, https:\/\/mylampblog.com\/wp-content\/uploads\/2025\/11\/Mockup-quadratisch-Innerer-Frieden-in-einer-unruhgen-Welt-1536x1536.jpeg 1536w, https:\/\/mylampblog.com\/wp-content\/uploads\/2025\/11\/Mockup-quadratisch-Innerer-Frieden-in-einer-unruhgen-Welt-1200x1200.jpeg 1200w, https:\/\/mylampblog.com\/wp-content\/uploads\/2025\/11\/Mockup-quadratisch-Innerer-Frieden-in-einer-unruhgen-Welt.jpeg 1623w\" sizes=\"auto, (max-width: 1024px) 100vw, 1024px\" \/><\/a><\/figure>\n\n\n\n<p><strong>Innerer Frieden in einer unruhigen Welt<\/strong><\/p>\n\n\n\n<p>F\u00fchlst du dich oft innerlich unruhig, angespannt oder ersch\u00f6pft? Sehnst du dich nach echter Ruhe und tiefem Frieden? Sorgen, \u00c4ngste, st\u00e4ndige Erreichbarkeit und Ablenkungen rauben uns die Gelassenheit.<\/p>\n\n\n\n<p>Das kennt Madeleine Ramstein nur zu gut. Jahrelang k\u00e4mpfte sie mit innerer Unruhe, bis sie Gottes bleibenden Frieden erfuhr. In diesem inspirierenden Ratgeber teilt sie, was ihr geholfen hat, damit auch du inneren Frieden in einer unruhigen Welt findest.<\/p>\n\n\n\n<p>Du lernst:<\/p>\n\n\n\n<p>-wie du Frieden mit Gott, dir selbst und anderen findest<\/p>\n\n\n\n<p>-praktische Wege im Umgang mit Sorgen, Angst und Ablenkung<\/p>\n\n\n\n<p>-wie du Menschenfurcht und Vergleiche loslassen kannst<\/p>\n\n\n\n<p>-neue Sichtweisen, die dein Herz zur Ruhe bringen<\/p>\n\n\n\n<p>-Strategien f\u00fcr mehr Frieden in deinem Alltag<\/p>\n\n\n\n<p>Mit vielen \u00dcbungen, Impulsen und Reflexionsfragen f\u00fchrt dich dieser Praxisratgeber in ein Leben voller Frieden.<\/p>\n\n\n\n<p><a href=\"https:\/\/amzn.to\/48wPf2a\" title=\"\">Hier bestellen<\/a><\/p>\n\n\n\n<hr class=\"wp-block-separator has-alpha-channel-opacity\"\/>\n\n\n\n<figure class=\"wp-block-image size-large\"><a href=\"https:\/\/amzn.to\/43JzkdT\"><img loading=\"lazy\" decoding=\"async\" width=\"1024\" height=\"768\" src=\"https:\/\/mylampblog.com\/wp-content\/uploads\/2023\/09\/BP-Geliebt-lebendig-und-frei-1024x768.jpeg\" alt=\"\" class=\"wp-image-2100\" srcset=\"https:\/\/mylampblog.com\/wp-content\/uploads\/2023\/09\/BP-Geliebt-lebendig-und-frei-1024x768.jpeg 1024w, https:\/\/mylampblog.com\/wp-content\/uploads\/2023\/09\/BP-Geliebt-lebendig-und-frei-300x225.jpeg 300w, https:\/\/mylampblog.com\/wp-content\/uploads\/2023\/09\/BP-Geliebt-lebendig-und-frei-768x576.jpeg 768w, https:\/\/mylampblog.com\/wp-content\/uploads\/2023\/09\/BP-Geliebt-lebendig-und-frei-1536x1152.jpeg 1536w, https:\/\/mylampblog.com\/wp-content\/uploads\/2023\/09\/BP-Geliebt-lebendig-und-frei-1200x900.jpeg 1200w, https:\/\/mylampblog.com\/wp-content\/uploads\/2023\/09\/BP-Geliebt-lebendig-und-frei-1980x1485.jpeg 1980w, https:\/\/mylampblog.com\/wp-content\/uploads\/2023\/09\/BP-Geliebt-lebendig-und-frei.jpeg 2016w\" sizes=\"auto, (max-width: 1024px) 100vw, 1024px\" \/><\/a><\/figure>\n\n\n\n<p><strong>Wie du heute f\u00fcr dein Kind beten kannst<\/strong><\/p>\n\n\n\n<p>Wie beten wir f\u00fcr unsere Kinder in einer sich rasant ver\u00e4ndernden Welt? Smartphones, soziale Medien, psychische Belastungen und Leistungsdruck pr\u00e4gen den Alltag unserer Kinder wie nie zuvor \u2013 und fordern auch uns Eltern heraus.<\/p>\n\n\n\n<p>Als Mutter von drei Kindern kennt Madeleine Ramstein die Sorgen, Fragen und Unsicherheiten, mit denen viele Eltern heute leben. In diesem Gebetsbuch schenkt sie dir Worte, wenn dir selbst die Sprache fehlt.<\/p>\n\n\n\n<p>100 ehrliche, tiefgehende und biblisch fundierte Gebete begleiten dich in der F\u00fcrbitte \u2013 konkret, alltagsnah und mitten ins Herz. F\u00fcr Eltern, Gro\u00dfeltern und Erziehende, die im Gebet mehr bewirken wollen.<\/p>\n\n\n\n<p>Ein Gebetsbuch aus unserer Zeit \u2013 f\u00fcr unsere Zeit. <\/p>\n\n\n\n<p><a href=\"https:\/\/amzn.to\/43JzkdT\" title=\"\">Hier bestellen<\/a><\/p>\n\n\n\n<hr class=\"wp-block-separator has-alpha-channel-opacity\"\/>\n\n\n\n<figure class=\"wp-block-image size-large\"><a href=\"https:\/\/www.kawohl.de\/vertraue-ihm-5036\"><img loading=\"lazy\" decoding=\"async\" width=\"1024\" height=\"1024\" src=\"https:\/\/mylampblog.com\/wp-content\/uploads\/2024\/01\/Bildschirmfoto-2023-12-09-um-11.01.56-1024x1024.jpeg\" alt=\"\" class=\"wp-image-2025\" srcset=\"https:\/\/mylampblog.com\/wp-content\/uploads\/2024\/01\/Bildschirmfoto-2023-12-09-um-11.01.56-1024x1024.jpeg 1024w, https:\/\/mylampblog.com\/wp-content\/uploads\/2024\/01\/Bildschirmfoto-2023-12-09-um-11.01.56-300x300.jpeg 300w, https:\/\/mylampblog.com\/wp-content\/uploads\/2024\/01\/Bildschirmfoto-2023-12-09-um-11.01.56-150x150.jpeg 150w, https:\/\/mylampblog.com\/wp-content\/uploads\/2024\/01\/Bildschirmfoto-2023-12-09-um-11.01.56-768x768.jpeg 768w, https:\/\/mylampblog.com\/wp-content\/uploads\/2024\/01\/Bildschirmfoto-2023-12-09-um-11.01.56-1200x1200.jpeg 1200w, https:\/\/mylampblog.com\/wp-content\/uploads\/2024\/01\/Bildschirmfoto-2023-12-09-um-11.01.56.jpeg 1321w\" sizes=\"auto, (max-width: 1024px) 100vw, 1024px\" \/><\/a><\/figure>\n\n\n\n<p><strong>Gottvertrauen im Alltag<\/strong><\/p>\n\n\n\n<p>Sich auf Gott zu verlassen, f\u00e4llt manchmal schwer. Das wei\u00df die Schweizer Bloggerin Madeleine Ramstein nur zu gut. Doch die vielen Jahre mit chronischen Schmerzen haben sie gelehrt, dass es in jeder Lebenslage m\u00f6glich ist, sich bewusst f\u00fcr das Gottvertrauen zu entscheiden. <\/p>\n\n\n\n<p>In 50 ermutigenden Andachten nimmt sie uns mit auf eine Reise und gibt praktische Tipps, wie ein Leben voller Zuversicht gelingen kann. Vor allem aber l\u00e4dt sie ein, jederzeit vor Augen und im Herzen zu haben, dass wir einen allm\u00e4chtigen und liebenden himmlischen Vater an unserer Seite haben.<\/p>\n\n\n\n<p><a href=\"https:\/\/www.kawohl.de\/vertraue-ihm-5036\" title=\"\">Hier bestellen<\/a><\/p>\n","protected":false},"excerpt":{"rendered":"<p>Innerer Frieden in einer unruhigen Welt F\u00fchlst du dich oft innerlich unruhig, angespannt oder ersch\u00f6pft? Sehnst du dich nach echter Ruhe und tiefem Frieden? Sorgen, \u00c4ngste, st\u00e4ndige Erreichbarkeit und Ablenkungen rauben uns die Gelassenheit. Das kennt Madeleine Ramstein nur zu gut. Jahrelang k\u00e4mpfte sie mit innerer Unruhe, bis sie Gottes bleibenden Frieden erfuhr. In diesem [&hellip;]<\/p>\n","protected":false},"author":1,"featured_media":0,"parent":0,"menu_order":0,"comment_status":"closed","ping_status":"closed","template":"","meta":{"footnotes":""},"class_list":["post-2108","page","type-page","status-publish","hentry"],"translation":{"provider":"WPGlobus","version":"3.0.0","language":"de","enabled_languages":["en","es","de"],"languages":{"en":{"title":true,"content":true,"excerpt":false},"es":{"title":true,"content":true,"excerpt":false},"de":{"title":true,"content":true,"excerpt":false}}},"aioseo_notices":[],"featured_image_urls_v2":{"full":"","thumbnail":"","medium":"","medium_large":"","large":"","1536x1536":"","2048x2048":"","post-thumbnail":"","twentytwenty-fullscreen":""},"post_excerpt_stackable_v2":"<p>Innerer Frieden in einer unruhigen Welt F\u00fchlst du dich oft innerlich unruhig, angespannt oder ersch\u00f6pft? Sehnst du dich nach echter Ruhe und tiefem Frieden? Sorgen, \u00c4ngste, st\u00e4ndige Erreichbarkeit und Ablenkungen rauben uns die Gelassenheit. Das kennt Madeleine Ramstein nur zu gut. Jahrelang k\u00e4mpfte sie mit innerer Unruhe, bis sie Gottes bleibenden Frieden erfuhr. In diesem inspirierenden Ratgeber teilt sie, was ihr geholfen hat, damit auch du inneren Frieden in einer unruhigen Welt findest. Du lernst: -wie du Frieden mit Gott, dir selbst und anderen findest -praktische Wege im Umgang mit Sorgen, Angst und Ablenkung -wie du Menschenfurcht und Vergleiche loslassen&hellip;<\/p>\n","category_list_v2":"","author_info_v2":{"name":"Madeleine","url":"https:\/\/mylampblog.com\/de\/author\/mylampbloggmail-com\/"},"comments_num_v2":"0 comments","_links":{"self":[{"href":"https:\/\/mylampblog.com\/de\/wp-json\/wp\/v2\/pages\/2108","targetHints":{"allow":["GET"]}}],"collection":[{"href":"https:\/\/mylampblog.com\/de\/wp-json\/wp\/v2\/pages"}],"about":[{"href":"https:\/\/mylampblog.com\/de\/wp-json\/wp\/v2\/types\/page"}],"author":[{"embeddable":true,"href":"https:\/\/mylampblog.com\/de\/wp-json\/wp\/v2\/users\/1"}],"replies":[{"embeddable":true,"href":"https:\/\/mylampblog.com\/de\/wp-json\/wp\/v2\/comments?post=2108"}],"version-history":[{"count":7,"href":"https:\/\/mylampblog.com\/de\/wp-json\/wp\/v2\/pages\/2108\/revisions"}],"predecessor-version":[{"id":2150,"href":"https:\/\/mylampblog.com\/de\/wp-json\/wp\/v2\/pages\/2108\/revisions\/2150"}],"wp:attachment":[{"href":"https:\/\/mylampblog.com\/de\/wp-json\/wp\/v2\/media?parent=2108"}],"curies":[{"name":"wp","href":"https:\/\/api.w.org\/{rel}","templated":true}]}}