{"id":38,"date":"2016-08-05T09:33:12","date_gmt":"2016-08-05T09:33:12","guid":{"rendered":"http:\/\/mylampblog.com\/?page_id=38"},"modified":"2024-01-17T07:41:38","modified_gmt":"2024-01-17T06:41:38","slug":"about","status":"publish","type":"page","link":"https:\/\/mylampblog.com\/de\/about\/","title":{"rendered":"\u00dcber mich"},"content":{"rendered":"\n<div class=\"wp-block-ugb-columns ugb-columns ugb-d5acfdc ugb-columns--design-plain ugb-columns--columns-2 ugb-main-block\"><div class=\"ugb-inner-block\"><div class=\"ugb-block-content\"><div class=\"ugb-columns__item ugb-d5acfdc-content-wrapper\">\n<div class=\"wp-block-ugb-column ugb-column ugb-025ace7 ugb-column--design-plain ugb-main-block\"><div class=\"ugb-inner-block\"><div class=\"ugb-block-content\"><div class=\"ugb-column__item ugb-025ace7-column-wrapper\"><div class=\"ugb-column__content-wrapper\">\n<figure class=\"wp-block-image size-full\"><img loading=\"lazy\" decoding=\"async\" width=\"960\" height=\"960\" src=\"https:\/\/mylampblog.com\/wp-content\/uploads\/2023\/12\/IMG_2442-KLEIN.jpg\" alt=\"\" class=\"wp-image-2005\" srcset=\"https:\/\/mylampblog.com\/wp-content\/uploads\/2023\/12\/IMG_2442-KLEIN.jpg 960w, https:\/\/mylampblog.com\/wp-content\/uploads\/2023\/12\/IMG_2442-KLEIN-300x300.jpg 300w, https:\/\/mylampblog.com\/wp-content\/uploads\/2023\/12\/IMG_2442-KLEIN-150x150.jpg 150w, https:\/\/mylampblog.com\/wp-content\/uploads\/2023\/12\/IMG_2442-KLEIN-768x768.jpg 768w\" sizes=\"auto, (max-width: 960px) 100vw, 960px\" \/><\/figure>\n<\/div><\/div><\/div><\/div><\/div>\n\n\n\n<div class=\"wp-block-ugb-column ugb-column ugb-483b865 ugb-column--design-plain ugb-main-block\"><div class=\"ugb-inner-block\"><div class=\"ugb-block-content\"><div class=\"ugb-column__item ugb-483b865-column-wrapper\"><div class=\"ugb-column__content-wrapper\">\n<p><strong>Herzlich willkommen! <\/strong><\/p>\n\n\n\n<p>Mein Name ist Madeleine und ich lebe mit meinem Mann und meinen Kindern in der wundersch\u00f6nen Schweiz.&nbsp;<\/p>\n\n\n\n<p>Als studierte Theologin, Seelsorgerin und Autorin, liegt mir die Verk\u00fcndigung von Gottes Wort am Herzen.<\/p>\n<\/div><\/div><\/div><\/div><\/div>\n<\/div><\/div><\/div><\/div>\n\n\n\n<p>Mit meinen Texten m\u00f6chte ich Menschen ermutigen und dazu inspirieren, Gott n\u00e4her kennenzulernen und in ihrer pers\u00f6nlichen Beziehung zu ihm zu wachsen.&nbsp;<\/p>\n\n\n\n<p>Ich bin der \u00dcberzeugung, dass t\u00e4gliches Bibellesen und Gebet die Schl\u00fcssel sind, um ein bedeutsames Leben zu f\u00fchren und Erf\u00fcllung zu erfahren.&nbsp;&nbsp;<\/p>\n\n\n\n<p>Um dich zu inspirieren und zu ermutigen, teile ich Einsichten aus der Bibel und pers\u00f6nliche Erlebnisse, die davon berichten, wie Gott in meinem Leben wirkt.<\/p>\n\n\n\n<p>Da Bibelstudium, Gebet und Schreiben meine Leidenschaften sind, basiert dieser Blog auf einem meiner Lieblingsverse:&nbsp;<\/p>\n\n\n\n<p><em>Dein Wort ist eine Leuchte f\u00fcr meinen Fu\u00df und ein Licht auf meinem Weg. <\/em>Psalm 119:105<\/p>\n\n\n\n<p>Es ist mein Gebet, dass Gott durch meine Posts zu dir spricht. Meine Texte sollen dir zur Ermutigung dienen und dich dazu inspirieren, Gottes N\u00e4he noch eingehender zu suchen und fest auf ihn zu vertrauen.&nbsp;<\/p>\n\n\n\n<p>Falls du gerne regelm\u00e4ssig von mir h\u00f6ren m\u00f6chtest, kannst du meinen Blog gerne abonnieren. Dazu erh\u00e4ltst du gratis meine besten Tipps rund um die stille Zeit mit Gott: <a href=\"https:\/\/mailchi.mp\/27fd84ea5d50\/bible-study-grundlagen\">Hier herunterladen<\/a><\/p>\n\n\n\n<p><\/p>\n\n\n\n<p><strong>Gott zu vertrauen f\u00e4llt dir schwer? <\/strong><\/p>\n\n\n\n<p>Mein Buch <strong>Vertraue IHM: 50 Andachten f\u00fcr ein vertrauensvolles Leben mit Gott <\/strong>kannst du direkt beim Verlag bestellen. <a href=\"https:\/\/www.kawohl.de\/vertraue-ihm-5036\" title=\"\">Klicke hier<\/a><\/p>\n\n\n\n<figure class=\"wp-block-image size-large\"><a href=\"https:\/\/www.kawohl.de\/vertraue-ihm-5036\"><img loading=\"lazy\" decoding=\"async\" width=\"1024\" height=\"1024\" src=\"https:\/\/mylampblog.com\/wp-content\/uploads\/2024\/01\/Bildschirmfoto-2023-12-09-um-11.01.56-1-1024x1024.jpeg\" alt=\"\" class=\"wp-image-2028\" srcset=\"https:\/\/mylampblog.com\/wp-content\/uploads\/2024\/01\/Bildschirmfoto-2023-12-09-um-11.01.56-1-1024x1024.jpeg 1024w, https:\/\/mylampblog.com\/wp-content\/uploads\/2024\/01\/Bildschirmfoto-2023-12-09-um-11.01.56-1-300x300.jpeg 300w, https:\/\/mylampblog.com\/wp-content\/uploads\/2024\/01\/Bildschirmfoto-2023-12-09-um-11.01.56-1-150x150.jpeg 150w, https:\/\/mylampblog.com\/wp-content\/uploads\/2024\/01\/Bildschirmfoto-2023-12-09-um-11.01.56-1-768x768.jpeg 768w, https:\/\/mylampblog.com\/wp-content\/uploads\/2024\/01\/Bildschirmfoto-2023-12-09-um-11.01.56-1-1200x1200.jpeg 1200w, https:\/\/mylampblog.com\/wp-content\/uploads\/2024\/01\/Bildschirmfoto-2023-12-09-um-11.01.56-1.jpeg 1321w\" sizes=\"auto, (max-width: 1024px) 100vw, 1024px\" \/><\/a><\/figure>\n\n\n\n<p><\/p>\n","protected":false},"excerpt":{"rendered":"<p>Herzlich willkommen! Mein Name ist Madeleine und ich lebe mit meinem Mann und meinen Kindern in der wundersch\u00f6nen Schweiz.&nbsp; Als studierte Theologin, Seelsorgerin und Autorin, liegt mir die Verk\u00fcndigung von Gottes Wort am Herzen. Mit meinen Texten m\u00f6chte ich Menschen ermutigen und dazu inspirieren, Gott n\u00e4her kennenzulernen und in ihrer pers\u00f6nlichen Beziehung zu ihm zu [&hellip;]<\/p>\n","protected":false},"author":1,"featured_media":0,"parent":0,"menu_order":0,"comment_status":"closed","ping_status":"closed","template":"","meta":{"footnotes":""},"class_list":["post-38","page","type-page","status-publish","hentry"],"translation":{"provider":"WPGlobus","version":"3.0.0","language":"de","enabled_languages":["en","es","de"],"languages":{"en":{"title":true,"content":true,"excerpt":false},"es":{"title":true,"content":true,"excerpt":false},"de":{"title":true,"content":true,"excerpt":false}}},"aioseo_notices":[],"featured_image_urls_v2":{"full":"","thumbnail":"","medium":"","medium_large":"","large":"","1536x1536":"","2048x2048":"","post-thumbnail":"","twentytwenty-fullscreen":""},"post_excerpt_stackable_v2":"<p>Herzlich willkommen! Mein Name ist Madeleine und ich lebe mit meinem Mann und meinen Kindern in der wundersch\u00f6nen Schweiz.&nbsp; Als studierte Theologin, Seelsorgerin und Autorin, liegt mir die Verk\u00fcndigung von Gottes Wort am Herzen. Mit meinen Texten m\u00f6chte ich Menschen ermutigen und dazu inspirieren, Gott n\u00e4her kennenzulernen und in ihrer pers\u00f6nlichen Beziehung zu ihm zu wachsen.&nbsp; Ich bin der \u00dcberzeugung, dass t\u00e4gliches Bibellesen und Gebet die Schl\u00fcssel sind, um ein bedeutsames Leben zu f\u00fchren und Erf\u00fcllung zu erfahren.&nbsp;&nbsp; Um dich zu inspirieren und zu ermutigen, teile ich Einsichten aus der Bibel und pers\u00f6nliche Erlebnisse, die davon berichten, wie Gott in&hellip;<\/p>\n","category_list_v2":"","author_info_v2":{"name":"Madeleine","url":"https:\/\/mylampblog.com\/de\/author\/mylampbloggmail-com\/"},"comments_num_v2":"0 comments","_links":{"self":[{"href":"https:\/\/mylampblog.com\/de\/wp-json\/wp\/v2\/pages\/38","targetHints":{"allow":["GET"]}}],"collection":[{"href":"https:\/\/mylampblog.com\/de\/wp-json\/wp\/v2\/pages"}],"about":[{"href":"https:\/\/mylampblog.com\/de\/wp-json\/wp\/v2\/types\/page"}],"author":[{"embeddable":true,"href":"https:\/\/mylampblog.com\/de\/wp-json\/wp\/v2\/users\/1"}],"replies":[{"embeddable":true,"href":"https:\/\/mylampblog.com\/de\/wp-json\/wp\/v2\/comments?post=38"}],"version-history":[{"count":152,"href":"https:\/\/mylampblog.com\/de\/wp-json\/wp\/v2\/pages\/38\/revisions"}],"predecessor-version":[{"id":2030,"href":"https:\/\/mylampblog.com\/de\/wp-json\/wp\/v2\/pages\/38\/revisions\/2030"}],"wp:attachment":[{"href":"https:\/\/mylampblog.com\/de\/wp-json\/wp\/v2\/media?parent=38"}],"curies":[{"name":"wp","href":"https:\/\/api.w.org\/{rel}","templated":true}]}}