{"id":42,"date":"2016-08-05T09:53:10","date_gmt":"2016-08-05T09:53:10","guid":{"rendered":"http:\/\/mylampblog.com\/?page_id=42"},"modified":"2025-12-17T16:58:14","modified_gmt":"2025-12-17T15:58:14","slug":"contact","status":"publish","type":"page","link":"https:\/\/mylampblog.com\/de\/contact\/","title":{"rendered":"Beratung"},"content":{"rendered":"\n<div class=\"wp-block-ugb-columns ugb-columns ugb-a907ed5 ugb-columns--design-plain ugb-columns--columns-2 ugb-main-block\"><div class=\"ugb-inner-block\"><div class=\"ugb-block-content\"><div class=\"ugb-columns__item ugb-a907ed5-content-wrapper\">\n<div class=\"wp-block-ugb-column ugb-column ugb-de6e1b3 ugb-column--design-plain ugb-main-block\"><div class=\"ugb-inner-block\"><div class=\"ugb-block-content\"><div class=\"ugb-column__item ugb-de6e1b3-column-wrapper\"><div class=\"ugb-column__content-wrapper\"><\/div><\/div><\/div><\/div><\/div>\n\n\n\n<div class=\"wp-block-ugb-column ugb-column ugb-db78e43 ugb-column--design-plain ugb-main-block\"><div class=\"ugb-inner-block\"><div class=\"ugb-block-content\"><div class=\"ugb-column__item ugb-db78e43-column-wrapper\"><div class=\"ugb-column__content-wrapper\">\n<p><\/p>\n<\/div><\/div><\/div><\/div><\/div>\n<\/div><\/div><\/div><\/div>\n\n\n\n<p>Wenn du dich in einer herausfordernden Lebenssituation befindest oder das Gef\u00fchl hast, etwas muss sich \u00e4ndern, m\u00f6chte ich dir zur Seite stehen. Ich f\u00fchre individualpsychologische Beratungsgespr\u00e4che auf christlicher Basis. <\/p>\n\n\n\n<p><strong>Bei folgenden Themen m\u00f6chte ich dich gerne unterst\u00fctzen:<\/strong><\/p>\n\n\n\n<p>&#8211; Du befindest dich in einer Lebenskrise und brauchst geistliche Begleitung<\/p>\n\n\n\n<p>&#8211; Du m\u00f6chtest alte Denkmuster und Lebensl\u00fcgen aufdecken und frei werden<\/p>\n\n\n\n<p>&#8211; Du k\u00e4mpfst mit Sorgen und \u00c4ngsten und m\u00f6chtest sie loswerden<\/p>\n\n\n\n<p>&#8211; Du suchst Orientierung auf deinem Lebensweg<\/p>\n\n\n\n<p>&#8211; Du steckst in einer Beziehungskrise und suchst nach L\u00f6sungen<\/p>\n\n\n\n<p>&#8211; Du brauchst innere Heilung f\u00fcr vergangene Verletzungen und Erfahrungen<\/p>\n\n\n\n<p>&#8211; Du f\u00fchlst dich niedergeschlagen oder unruhig und w\u00fcnschst dir mehr inneren Frieden<\/p>\n\n\n\n<p>Du m\u00f6chtest erst einmal schauen, ob mein Angebot zu dir passt?<br>Dann melde dich gerne f\u00fcr <strong>ein kostenloses, 30-min\u00fctiges Kennenlerngespr\u00e4ch<\/strong>: <a href=\"mailto:seinwortmeinlicht@gmail.com\">seinwortmeinlicht@gmail.com<\/a><br><\/p>\n\n\n\n<p>Wir besprechen dein Anliegen und kl\u00e4ren in Ruhe, wie ich dich unterst\u00fctzen kann.<\/p>\n\n\n\n<div class=\"wp-block-stackable-columns stk-block-columns stk-block stk-f3942e3\" data-block-id=\"f3942e3\"><div class=\"stk-row stk-inner-blocks stk-block-content stk-content-align stk-f3942e3-column\">\n<div class=\"wp-block-stackable-column stk-block-column stk-column stk-block stk-67afef5\" data-v=\"4\" data-block-id=\"67afef5\"><div class=\"stk-column-wrapper stk-block-column__content stk-container stk-67afef5-container stk--no-background stk--no-padding\"><div class=\"stk-block-content stk-inner-blocks stk-67afef5-inner-blocks\">\n<figure class=\"wp-block-image size-full\"><img loading=\"lazy\" decoding=\"async\" width=\"900\" height=\"1200\" src=\"https:\/\/mylampblog.com\/wp-content\/uploads\/2025\/11\/Autorenfoto.png\" alt=\"\" class=\"wp-image-2151\" srcset=\"https:\/\/mylampblog.com\/wp-content\/uploads\/2025\/11\/Autorenfoto.png 900w, https:\/\/mylampblog.com\/wp-content\/uploads\/2025\/11\/Autorenfoto-225x300.png 225w, https:\/\/mylampblog.com\/wp-content\/uploads\/2025\/11\/Autorenfoto-768x1024.png 768w\" sizes=\"auto, (max-width: 900px) 100vw, 900px\" \/><\/figure>\n<\/div><\/div><\/div>\n\n\n\n<div class=\"wp-block-stackable-column stk-block-column stk-column stk-block stk-21f12ee\" data-v=\"4\" data-block-id=\"21f12ee\"><div class=\"stk-column-wrapper stk-block-column__content stk-container stk-21f12ee-container stk--no-background stk--no-padding\"><div class=\"stk-block-content stk-inner-blocks stk-21f12ee-inner-blocks\">\n<p>Deine ganzheitliche Gesundheit liegt mir am Herzen \u2013 seelisch, geistlich und praktisch. <\/p>\n\n\n\n<p>Ich habe <strong>Theologie an der Universit\u00e4t Basel studiert<\/strong> und bilde mich derzeit fortlaufend am <strong>Institut f\u00fcr christliche Lebens- und Eheberatung (ICL)<\/strong> in individualpsychologischer Beratung weiter.<\/p>\n<\/div><\/div><\/div>\n<\/div><\/div>\n\n\n\n<p>Diese fundierte Kombination aus <strong>theologischem Verst\u00e4ndnis, psychologischer Schulung und pers\u00f6nlicher Erfahrung<\/strong> erm\u00f6glicht mir, dich mit Klarheit, Empathie und geistlicher Tiefe zu begleiten \u2013 ganz auf deine Lebenssituation abgestimmt.<\/p>\n\n\n\n<p><\/p>\n\n\n\n<p><strong>So l\u00e4uft ein Beratungsgespr\u00e4ch ab:<\/strong><\/p>\n\n\n\n<p><strong>Ort:<\/strong> \u00dcber Zoom \u2013 bequem von zu Hause aus<\/p>\n\n\n\n<p><strong>Dauer:<\/strong> 60\u201375 Minuten<\/p>\n\n\n\n<p><strong>Kosten: <\/strong>130 EUR<\/p>\n\n\n\n<p><strong>Ablauf:<\/strong> In einer gesch\u00fctzten, vertraulichen Atmosph\u00e4re begleite ich dich individuell bei deinen aktuellen Herausforderungen. Du bekommst geistliche Impulse, psychologische Einsichten und praktische Schritte \u2013 f\u00fcr mehr Klarheit, Freiheit und Frieden im Alltag.<\/p>\n\n\n\n<p><strong>Ziel: <\/strong>Wir arbeiten zielorientiert an deinen individuellen Themen, sodass du konkrete Schritte f\u00fcr dein Leben mitnehmen kannst.<\/p>\n\n\n\n<p>Lass uns gemeinsam herausfinden, wie ich dich am besten unterst\u00fctzen kann. <strong>Schreib mir einfach eine E-Mail an<\/strong> <a href=\"mailto:seinwortmeinlicht@gmail.com\">seinwortmeinlicht@gmail.com<\/a> und schildere mir kurz dein Thema. <\/p>\n\n\n\n<p><\/p>\n\n\n\n<p><strong>Ich freue mich darauf, von dir zu h\u00f6ren!<\/strong><\/p>\n","protected":false},"excerpt":{"rendered":"<p>Wenn du dich in einer herausfordernden Lebenssituation befindest oder das Gef\u00fchl hast, etwas muss sich \u00e4ndern, m\u00f6chte ich dir zur Seite stehen. Ich f\u00fchre individualpsychologische Beratungsgespr\u00e4che auf christlicher Basis. Bei folgenden Themen m\u00f6chte ich dich gerne unterst\u00fctzen: &#8211; Du befindest dich in einer Lebenskrise und brauchst geistliche Begleitung &#8211; Du m\u00f6chtest alte Denkmuster und Lebensl\u00fcgen [&hellip;]<\/p>\n","protected":false},"author":1,"featured_media":0,"parent":0,"menu_order":0,"comment_status":"closed","ping_status":"closed","template":"","meta":{"footnotes":""},"class_list":["post-42","page","type-page","status-publish","hentry"],"translation":{"provider":"WPGlobus","version":"3.0.0","language":"de","enabled_languages":["en","es","de"],"languages":{"en":{"title":true,"content":true,"excerpt":false},"es":{"title":true,"content":true,"excerpt":false},"de":{"title":true,"content":true,"excerpt":false}}},"aioseo_notices":[],"featured_image_urls_v2":{"full":"","thumbnail":"","medium":"","medium_large":"","large":"","1536x1536":"","2048x2048":"","post-thumbnail":"","twentytwenty-fullscreen":""},"post_excerpt_stackable_v2":"<p>Wenn du dich in einer herausfordernden Lebenssituation befindest oder das Gef\u00fchl hast, etwas muss sich \u00e4ndern, m\u00f6chte ich dir zur Seite stehen. Ich f\u00fchre individualpsychologische Beratungsgespr\u00e4che auf christlicher Basis. Bei folgenden Themen m\u00f6chte ich dich gerne unterst\u00fctzen: &#8211; Du befindest dich in einer Lebenskrise und brauchst geistliche Begleitung &#8211; Du m\u00f6chtest alte Denkmuster und Lebensl\u00fcgen aufdecken und frei werden &#8211; Du k\u00e4mpfst mit Sorgen und \u00c4ngsten und m\u00f6chtest sie loswerden &#8211; Du suchst Orientierung auf deinem Lebensweg &#8211; Du steckst in einer Beziehungskrise und suchst nach L\u00f6sungen &#8211; Du brauchst innere Heilung f\u00fcr vergangene Verletzungen und Erfahrungen &#8211; Du f\u00fchlst&hellip;<\/p>\n","category_list_v2":"","author_info_v2":{"name":"Madeleine","url":"https:\/\/mylampblog.com\/de\/author\/mylampbloggmail-com\/"},"comments_num_v2":"0 comments","_links":{"self":[{"href":"https:\/\/mylampblog.com\/de\/wp-json\/wp\/v2\/pages\/42","targetHints":{"allow":["GET"]}}],"collection":[{"href":"https:\/\/mylampblog.com\/de\/wp-json\/wp\/v2\/pages"}],"about":[{"href":"https:\/\/mylampblog.com\/de\/wp-json\/wp\/v2\/types\/page"}],"author":[{"embeddable":true,"href":"https:\/\/mylampblog.com\/de\/wp-json\/wp\/v2\/users\/1"}],"replies":[{"embeddable":true,"href":"https:\/\/mylampblog.com\/de\/wp-json\/wp\/v2\/comments?post=42"}],"version-history":[{"count":53,"href":"https:\/\/mylampblog.com\/de\/wp-json\/wp\/v2\/pages\/42\/revisions"}],"predecessor-version":[{"id":2159,"href":"https:\/\/mylampblog.com\/de\/wp-json\/wp\/v2\/pages\/42\/revisions\/2159"}],"wp:attachment":[{"href":"https:\/\/mylampblog.com\/de\/wp-json\/wp\/v2\/media?parent=42"}],"curies":[{"name":"wp","href":"https:\/\/api.w.org\/{rel}","templated":true}]}}