{"id":2108,"date":"2025-06-15T14:55:32","date_gmt":"2025-06-15T12:55:32","guid":{"rendered":"https:\/\/mylampblog.com\/?page_id=2108"},"modified":"2025-11-24T21:19:26","modified_gmt":"2025-11-24T20:19:26","slug":"books","status":"publish","type":"page","link":"https:\/\/mylampblog.com\/es\/books\/","title":{"rendered":"Libros"},"content":{"rendered":"\n<p>(Mis libros: actualmente solo disponibles en alem\u00e1n)<\/p>\n\n\n\n<p><\/p>\n\n\n\n<h3 class=\"wp-block-heading\">\u2728&nbsp;<strong>\u00bfC\u00f3mo podemos orar por nuestros hijos en el mundo de hoy?<\/strong><\/h3>\n\n\n\n<p><strong>100 oraciones para padres, abuelos y educadores<\/strong><\/p>\n\n\n\n<p>\u00bfC\u00f3mo podemos orar por nuestros hijos en un mundo que cambia tan r\u00e1pidamente?<br>Los tel\u00e9fonos inteligentes, las redes sociales, los desaf\u00edos de salud mental y la presi\u00f3n del rendimiento marcan sus vidas \u2013 y tambi\u00e9n las nuestras \u2013 como nunca antes.<\/p>\n\n\n\n<p>Como madre de tres hijos, entiendo bien las preguntas, preocupaciones e inseguridades que enfrentan muchos padres hoy.<br>Este libro de oraciones te ofrece palabras cuando t\u00fa mismo ya no las encuentras:<br><strong>100 oraciones profundas, sinceras y basadas en la Biblia<\/strong>, escritas para acompa\u00f1arte en la vida diaria con fe y esperanza.<\/p>\n\n\n\n<p>Un libro de oraci\u00f3n para nuestro tiempo \u2013 escrito desde el coraz\u00f3n de una madre.<\/p>\n\n\n\n<hr class=\"wp-block-separator has-alpha-channel-opacity\"\/>\n\n\n\n<h3 class=\"wp-block-heading\">\u2728&nbsp;<strong>Conf\u00eda en \u00c9l<\/strong><\/h3>\n\n\n\n<p><strong>50 devocionales para aprender a confiar en Dios en lo cotidiano<\/strong><\/p>\n\n\n\n<p>Confiar en Dios no siempre es f\u00e1cil \u2013 especialmente en tiempos dif\u00edciles.<br>A lo largo de a\u00f1os de dolor cr\u00f3nico, he aprendido que confiar en \u00c9l siempre es posible, incluso cuando la vida es dura.<\/p>\n\n\n\n<p>Estos&nbsp;<strong>50 devocionales alentadores<\/strong>&nbsp;ofrecen perspectivas pr\u00e1cticas e inspiraci\u00f3n espiritual para vivir cada d\u00eda con esperanza, paz y una fe renovada en nuestro Padre celestial.<\/p>\n\n\n\n<p>Para todos los que desean vivir su d\u00eda a d\u00eda con m\u00e1s confianza y serenidad en Dios.<\/p>\n\n\n\n<hr class=\"wp-block-separator has-alpha-channel-opacity\"\/>\n\n\n\n<h3 class=\"wp-block-heading\">\ud83c\udf0d Actualmente solo disponibles en alem\u00e1n \u2013 \u00a1pero quiz\u00e1s alg\u00fan d\u00eda en espa\u00f1ol!<\/h3>\n\n\n\n<p>Por ahora, mis libros est\u00e1n disponibles solo en&nbsp;<strong>alem\u00e1n<\/strong>.<br>Si te interesar\u00eda leerlos alg\u00fan d\u00eda en&nbsp;<strong>espa\u00f1ol<\/strong>, puedes escribirme un mensaje a:&nbsp;<strong><a>mylampblog@gmail.com<\/a><\/strong><br>Usa como asunto&nbsp;<strong>&#8220;Libro de oraciones&#8221;<\/strong>&nbsp;o&nbsp;<strong>&#8220;Conf\u00eda en \u00c9l&#8221;<\/strong>.<\/p>\n\n\n\n<p>Con gusto te a\u00f1adir\u00e9 a una&nbsp;<strong>lista de espera<\/strong>&nbsp;y te avisar\u00e9 si llego a publicarlos en espa\u00f1ol en el futuro.<\/p>\n","protected":false},"excerpt":{"rendered":"<p>(Mis libros: actualmente solo disponibles en alem\u00e1n) \u2728&nbsp;\u00bfC\u00f3mo podemos orar por nuestros hijos en el mundo de hoy? 100 oraciones para padres, abuelos y educadores \u00bfC\u00f3mo podemos orar por nuestros hijos en un mundo que cambia tan r\u00e1pidamente?Los tel\u00e9fonos inteligentes, las redes sociales, los desaf\u00edos de salud mental y la presi\u00f3n del rendimiento marcan sus [&hellip;]<\/p>\n","protected":false},"author":1,"featured_media":0,"parent":0,"menu_order":0,"comment_status":"closed","ping_status":"closed","template":"","meta":{"footnotes":""},"class_list":["post-2108","page","type-page","status-publish","hentry"],"translation":{"provider":"WPGlobus","version":"3.0.0","language":"es","enabled_languages":["en","es","de"],"languages":{"en":{"title":true,"content":true,"excerpt":false},"es":{"title":true,"content":true,"excerpt":false},"de":{"title":true,"content":true,"excerpt":false}}},"aioseo_notices":[],"featured_image_urls_v2":{"full":"","thumbnail":"","medium":"","medium_large":"","large":"","1536x1536":"","2048x2048":"","post-thumbnail":"","twentytwenty-fullscreen":""},"post_excerpt_stackable_v2":"<p>(Mis libros: actualmente solo disponibles en alem\u00e1n) \u2728&nbsp;\u00bfC\u00f3mo podemos orar por nuestros hijos en el mundo de hoy? 100 oraciones para padres, abuelos y educadores \u00bfC\u00f3mo podemos orar por nuestros hijos en un mundo que cambia tan r\u00e1pidamente?Los tel\u00e9fonos inteligentes, las redes sociales, los desaf\u00edos de salud mental y la presi\u00f3n del rendimiento marcan sus vidas \u2013 y tambi\u00e9n las nuestras \u2013 como nunca antes. Como madre de tres hijos, entiendo bien las preguntas, preocupaciones e inseguridades que enfrentan muchos padres hoy.Este libro de oraciones te ofrece palabras cuando t\u00fa mismo ya no las encuentras:100 oraciones profundas, sinceras y basadas&hellip;<\/p>\n","category_list_v2":"","author_info_v2":{"name":"Madeleine","url":"https:\/\/mylampblog.com\/es\/author\/mylampbloggmail-com\/"},"comments_num_v2":"0 comments","_links":{"self":[{"href":"https:\/\/mylampblog.com\/es\/wp-json\/wp\/v2\/pages\/2108","targetHints":{"allow":["GET"]}}],"collection":[{"href":"https:\/\/mylampblog.com\/es\/wp-json\/wp\/v2\/pages"}],"about":[{"href":"https:\/\/mylampblog.com\/es\/wp-json\/wp\/v2\/types\/page"}],"author":[{"embeddable":true,"href":"https:\/\/mylampblog.com\/es\/wp-json\/wp\/v2\/users\/1"}],"replies":[{"embeddable":true,"href":"https:\/\/mylampblog.com\/es\/wp-json\/wp\/v2\/comments?post=2108"}],"version-history":[{"count":7,"href":"https:\/\/mylampblog.com\/es\/wp-json\/wp\/v2\/pages\/2108\/revisions"}],"predecessor-version":[{"id":2150,"href":"https:\/\/mylampblog.com\/es\/wp-json\/wp\/v2\/pages\/2108\/revisions\/2150"}],"wp:attachment":[{"href":"https:\/\/mylampblog.com\/es\/wp-json\/wp\/v2\/media?parent=2108"}],"curies":[{"name":"wp","href":"https:\/\/api.w.org\/{rel}","templated":true}]}}