{"id":38,"date":"2016-08-05T09:33:12","date_gmt":"2016-08-05T09:33:12","guid":{"rendered":"http:\/\/mylampblog.com\/?page_id=38"},"modified":"2024-01-17T07:41:38","modified_gmt":"2024-01-17T06:41:38","slug":"about","status":"publish","type":"page","link":"https:\/\/mylampblog.com\/es\/about\/","title":{"rendered":"Sobre m\u00ed"},"content":{"rendered":"\n<div class=\"wp-block-ugb-columns ugb-columns ugb-b7f0ee1 ugb-columns--design-plain ugb-columns--columns-2 ugb-main-block\"><div class=\"ugb-inner-block\"><div class=\"ugb-block-content\"><div class=\"ugb-columns__item ugb-b7f0ee1-content-wrapper\">\n<div class=\"wp-block-ugb-column ugb-column ugb-b974524 ugb-column--design-plain ugb-main-block\"><div class=\"ugb-inner-block\"><div class=\"ugb-block-content\"><div class=\"ugb-column__item ugb-b974524-column-wrapper\"><div class=\"ugb-column__content-wrapper\">\n<figure class=\"wp-block-image size-large\"><img loading=\"lazy\" decoding=\"async\" width=\"1024\" height=\"1024\" src=\"https:\/\/mylampblog.com\/wp-content\/uploads\/2020\/05\/DSC_0065-2-1024x1024.jpg\" alt=\"\" class=\"wp-image-918\" srcset=\"https:\/\/mylampblog.com\/wp-content\/uploads\/2020\/05\/DSC_0065-2-1024x1024.jpg 1024w, https:\/\/mylampblog.com\/wp-content\/uploads\/2020\/05\/DSC_0065-2-300x300.jpg 300w, https:\/\/mylampblog.com\/wp-content\/uploads\/2020\/05\/DSC_0065-2-150x150.jpg 150w, https:\/\/mylampblog.com\/wp-content\/uploads\/2020\/05\/DSC_0065-2-768x768.jpg 768w, https:\/\/mylampblog.com\/wp-content\/uploads\/2020\/05\/DSC_0065-2-1536x1536.jpg 1536w, https:\/\/mylampblog.com\/wp-content\/uploads\/2020\/05\/DSC_0065-2-2048x2048.jpg 2048w, https:\/\/mylampblog.com\/wp-content\/uploads\/2020\/05\/DSC_0065-2-1200x1200.jpg 1200w, https:\/\/mylampblog.com\/wp-content\/uploads\/2020\/05\/DSC_0065-2-1980x1980.jpg 1980w\" sizes=\"auto, (max-width: 1024px) 100vw, 1024px\" \/><\/figure>\n<\/div><\/div><\/div><\/div><\/div>\n\n\n\n<div class=\"wp-block-ugb-column ugb-column ugb-e56189e ugb-column--design-plain ugb-main-block\"><div class=\"ugb-inner-block\"><div class=\"ugb-block-content\"><div class=\"ugb-column__item ugb-e56189e-column-wrapper\"><div class=\"ugb-column__content-wrapper\">\n<p>Hola, me llamo Madeleine y lo primero que me gustar\u00eda que sepas sobre m\u00ed es que amo a Dios con todo mi coraz\u00f3n.<\/p>\n\n\n\n<p>Adem\u00e1s de ser te\u00f3loga, llevo 8 a\u00f1os escribiendo acerca de lo que aprendo en mis&nbsp;&nbsp;devocionales. <strong>Creo que orar y estudiar&nbsp;la Biblia diariamente&nbsp;&nbsp;y seguir la gu\u00eda del Esp\u00edritu Santo son la clave para sentirse completos y vivir&nbsp;&nbsp;una vida con prop\u00f3sito.<\/strong><\/p>\n<\/div><\/div><\/div><\/div><\/div>\n<\/div><\/div><\/div><\/div>\n\n\n\n<p>Como persona introvertida que soy, el tiempo a solas con Dios alimenta mi esp\u00edritu, las conversaciones profundas nutren mi alma y pasar tiempo reflexionando es algo habitual en m\u00ed. Escribir siempre me ha ayudado a entender mis pensamientos, afrontar mis sentimientos y conectar con Dios.<\/p>\n\n\n\n<p>Aunque\u00a0\u00a0empec\u00e9 este blog en ingl\u00e9s hace unos a\u00f1os, esta es solo mi segunda lengua, ya que\u00a0\u00a0nac\u00ed y crec\u00ed en la Suiza alemana, d\u00f3nde tambi\u00e9n estudi\u00e9 teolog\u00eda.\u00a0En este peque\u00f1o pa\u00eds, ubicado en el coraz\u00f3n de Europa, encontr\u00e9 el amor verdadero en el hombre m\u00e1s estable emocionalmente de la tierra, mi marido.\u00a0<\/p>\n\n\n\n<div class=\"wp-block-ugb-columns ugb-columns ugb-951c6c6 ugb-columns--design-plain ugb-columns--columns-2 ugb-main-block\"><div class=\"ugb-inner-block\"><div class=\"ugb-block-content\"><div class=\"ugb-columns__item ugb-951c6c6-content-wrapper\">\n<div class=\"wp-block-ugb-column ugb-column ugb-907f044 ugb-column--design-plain ugb-main-block\"><div class=\"ugb-inner-block\"><div class=\"ugb-block-content\"><div class=\"ugb-column__item ugb-907f044-column-wrapper\"><div class=\"ugb-column__content-wrapper\">\n<p><strong><span style=\"text-decoration: underline;\">Mi misi\u00f3n<\/span><\/strong><\/p>\n\n\n\n<p><strong>Mi misi\u00f3n es ayudarte a desarrollar una relaci\u00f3n \u00edntima con Dios a trav\u00e9s de orar y estudiar la Biblia a diario.<\/strong> Para inspirarte y animarte comparto&nbsp;&nbsp;<strong>reflexiones b\u00edblicas<\/strong> y <strong>experiencias personales sobre c\u00f3mo Dios<\/strong>&nbsp;&nbsp;est\u00e1 obrando en mi&nbsp;&nbsp;propia vida.<\/p>\n<\/div><\/div><\/div><\/div><\/div>\n\n\n\n<div class=\"wp-block-ugb-column ugb-column ugb-2691e72 ugb-column--design-plain ugb-main-block\"><div class=\"ugb-inner-block\"><div class=\"ugb-block-content\"><div class=\"ugb-column__item ugb-2691e72-column-wrapper\"><div class=\"ugb-column__content-wrapper\">\n<figure class=\"wp-block-image size-large\"><img loading=\"lazy\" decoding=\"async\" width=\"1024\" height=\"683\" src=\"https:\/\/mylampblog.com\/wp-content\/uploads\/2020\/03\/How-to-find-joy-in-God-despite-your-circumstances-1024x683.jpg\" alt=\"\" class=\"wp-image-807\" srcset=\"https:\/\/mylampblog.com\/wp-content\/uploads\/2020\/03\/How-to-find-joy-in-God-despite-your-circumstances-1024x683.jpg 1024w, https:\/\/mylampblog.com\/wp-content\/uploads\/2020\/03\/How-to-find-joy-in-God-despite-your-circumstances-scaled-600x400.jpg 600w, https:\/\/mylampblog.com\/wp-content\/uploads\/2020\/03\/How-to-find-joy-in-God-despite-your-circumstances-300x200.jpg 300w, https:\/\/mylampblog.com\/wp-content\/uploads\/2020\/03\/How-to-find-joy-in-God-despite-your-circumstances-768x512.jpg 768w, https:\/\/mylampblog.com\/wp-content\/uploads\/2020\/03\/How-to-find-joy-in-God-despite-your-circumstances-1536x1024.jpg 1536w, https:\/\/mylampblog.com\/wp-content\/uploads\/2020\/03\/How-to-find-joy-in-God-despite-your-circumstances-2048x1365.jpg 2048w, https:\/\/mylampblog.com\/wp-content\/uploads\/2020\/03\/How-to-find-joy-in-God-despite-your-circumstances-100x67.jpg 100w, https:\/\/mylampblog.com\/wp-content\/uploads\/2020\/03\/How-to-find-joy-in-God-despite-your-circumstances-862x575.jpg 862w, https:\/\/mylampblog.com\/wp-content\/uploads\/2020\/03\/How-to-find-joy-in-God-despite-your-circumstances-1200x800.jpg 1200w\" sizes=\"auto, (max-width: 1024px) 100vw, 1024px\" \/><\/figure>\n<\/div><\/div><\/div><\/div><\/div>\n<\/div><\/div><\/div><\/div>\n\n\n\n<p>Mis pasiones son estudiar, orar y escribir acerca de la Palabra de Dios, por eso este blog se basa en uno de mis vers\u00edculos preferidos:<\/p>\n\n\n\n<p><strong>Tu palabra es una l\u00e1mpara a mis pies;es una luz en mi sendero.&nbsp;Salmo 119:105<\/strong><\/p>\n\n\n\n<p>Mi oraci\u00f3n es que al leer mis posts tu fe sea reforzada, te sientas inspirado a acercarte m\u00e1s a Dios,&nbsp;y su Esp\u00edritu toque y transforme tu coraz\u00f3n.<\/p>\n\n\n\n<div class=\"wp-block-ugb-columns ugb-columns ugb-0b21e5a ugb-columns--design-plain ugb-columns--columns-2 ugb-main-block\"><div class=\"ugb-inner-block\"><div class=\"ugb-block-content\"><div class=\"ugb-columns__item ugb-0b21e5a-content-wrapper\">\n<div class=\"wp-block-ugb-column ugb-column ugb-9e29619 ugb-column--design-plain ugb-main-block\"><div class=\"ugb-inner-block\"><div class=\"ugb-block-content\"><div class=\"ugb-column__item ugb-9e29619-column-wrapper\"><div class=\"ugb-column__content-wrapper\">\n<figure class=\"wp-block-image size-large\"><img loading=\"lazy\" decoding=\"async\" width=\"648\" height=\"488\" src=\"https:\/\/mylampblog.com\/wp-content\/uploads\/2020\/06\/D0A7CE18-8F10-4BA8-96D1-A67882A4E365.jpeg\" alt=\"\" class=\"wp-image-1063\" srcset=\"https:\/\/mylampblog.com\/wp-content\/uploads\/2020\/06\/D0A7CE18-8F10-4BA8-96D1-A67882A4E365.jpeg 648w, https:\/\/mylampblog.com\/wp-content\/uploads\/2020\/06\/D0A7CE18-8F10-4BA8-96D1-A67882A4E365-300x226.jpeg 300w\" sizes=\"auto, (max-width: 648px) 100vw, 648px\" \/><\/figure>\n<\/div><\/div><\/div><\/div><\/div>\n\n\n\n<div class=\"wp-block-ugb-column ugb-column ugb-a93b699 ugb-column--design-plain ugb-main-block\"><div class=\"ugb-inner-block\"><div class=\"ugb-block-content\"><div class=\"ugb-column__item ugb-a93b699-column-wrapper\"><div class=\"ugb-column__content-wrapper\">\n<p>A estas alturas me gustar\u00eda agradecer enormemente a <strong>Ana Mora<\/strong> por traducir mi blog del ingl\u00e9s al espa\u00f1ol.&nbsp; Ana es una Filolog\u00eda Inglesa enamorada de Dios que&nbsp; traduce tanto ingl\u00e9s-espa\u00f1ol como espa\u00f1ol-ingl\u00e9s. As\u00ed que si necesitas sus servicios como traductora contacta con ella: <a href=\"mailto:momoan070397@gmail.com\">momoan070397@gmail.com<\/a><\/p>\n<\/div><\/div><\/div><\/div><\/div>\n<\/div><\/div><\/div><\/div>\n\n\n\n<p>Por favor, ten en cuenta que el proceso de traducci\u00f3n requiere&nbsp; mucho tiempo y esfuerzo, por eso, aunque&nbsp; cada semana colgaremos un nuevo post en espa\u00f1ol, por ahora, mi newsletter, mi tienda y algunos posts s\u00f3lo estar\u00e1n disponibles en ingl\u00e9s.<\/p>\n\n\n\n<p>Puedes empezar por leer el primer post que Ana ha traducido al espa\u00f1ol aqu\u00ed : <a href=\"https:\/\/mylampblog.com\/es\/crecer-a-traves-de-la-adversidad\/\">crecer a trav\u00e9s de la adversidad<\/a><\/p>\n\n\n\n<div class=\"wp-block-ugb-columns ugb-columns ugb-f00209c ugb-columns--design-plain ugb-columns--columns-2 ugb-main-block\"><div class=\"ugb-inner-block\"><div class=\"ugb-block-content\"><div class=\"ugb-columns__item ugb-f00209c-content-wrapper\">\n<div class=\"wp-block-ugb-column ugb-column ugb-166391b ugb-column--design-plain ugb-main-block\"><div class=\"ugb-inner-block\"><div class=\"ugb-block-content\"><div class=\"ugb-column__item ugb-166391b-column-wrapper\"><div class=\"ugb-column__content-wrapper\">\n<p>Adem\u00e1s, me gustar\u00eda agradecerle a <strong>Mar\u00eda Raffo<\/strong>, que tambi\u00e9n me ayudar\u00e1 a traducir el blog de ingl\u00e9s a espa\u00f1ol. Mar\u00eda es una economista y jurista venezolana, con un coraz\u00f3n&nbsp;que ama a Dios y a su gente. Traducir el blog en su tiempo libre, es para ella una nueva manera de conectar con Dios y ayudar a otros a hacer lo mismo.<\/p>\n<\/div><\/div><\/div><\/div><\/div>\n\n\n\n<div class=\"wp-block-ugb-column ugb-column ugb-9d09f63 ugb-column--design-plain ugb-main-block\"><div class=\"ugb-inner-block\"><div class=\"ugb-block-content\"><div class=\"ugb-column__item ugb-9d09f63-column-wrapper\"><div class=\"ugb-column__content-wrapper\">\n<figure class=\"wp-block-image size-large\"><img loading=\"lazy\" decoding=\"async\" width=\"865\" height=\"1024\" src=\"https:\/\/mylampblog.com\/wp-content\/uploads\/2020\/10\/8de653e2-8077-414f-a11b-b937ec19eaf3-865x1024.jpeg\" alt=\"\" class=\"wp-image-1367\" srcset=\"https:\/\/mylampblog.com\/wp-content\/uploads\/2020\/10\/8de653e2-8077-414f-a11b-b937ec19eaf3-865x1024.jpeg 865w, https:\/\/mylampblog.com\/wp-content\/uploads\/2020\/10\/8de653e2-8077-414f-a11b-b937ec19eaf3-253x300.jpeg 253w, https:\/\/mylampblog.com\/wp-content\/uploads\/2020\/10\/8de653e2-8077-414f-a11b-b937ec19eaf3-768x910.jpeg 768w, https:\/\/mylampblog.com\/wp-content\/uploads\/2020\/10\/8de653e2-8077-414f-a11b-b937ec19eaf3.jpeg 982w\" sizes=\"auto, (max-width: 865px) 100vw, 865px\" \/><\/figure>\n<\/div><\/div><\/div><\/div><\/div>\n<\/div><\/div><\/div><\/div>\n\n\n\n<p><\/p>\n","protected":false},"excerpt":{"rendered":"<p>Hola, me llamo Madeleine y lo primero que me gustar\u00eda que sepas sobre m\u00ed es que amo a Dios con todo mi coraz\u00f3n. Adem\u00e1s de ser te\u00f3loga, llevo 8 a\u00f1os escribiendo acerca de lo que aprendo en mis&nbsp;&nbsp;devocionales. Creo que orar y estudiar&nbsp;la Biblia diariamente&nbsp;&nbsp;y seguir la gu\u00eda del Esp\u00edritu Santo son la clave para [&hellip;]<\/p>\n","protected":false},"author":1,"featured_media":0,"parent":0,"menu_order":0,"comment_status":"closed","ping_status":"closed","template":"","meta":{"footnotes":""},"class_list":["post-38","page","type-page","status-publish","hentry"],"translation":{"provider":"WPGlobus","version":"3.0.0","language":"es","enabled_languages":["en","es","de"],"languages":{"en":{"title":true,"content":true,"excerpt":false},"es":{"title":true,"content":true,"excerpt":false},"de":{"title":true,"content":true,"excerpt":false}}},"aioseo_notices":[],"featured_image_urls_v2":{"full":"","thumbnail":"","medium":"","medium_large":"","large":"","1536x1536":"","2048x2048":"","post-thumbnail":"","twentytwenty-fullscreen":""},"post_excerpt_stackable_v2":"<p>Hola, me llamo Madeleine y lo primero que me gustar\u00eda que sepas sobre m\u00ed es que amo a Dios con todo mi coraz\u00f3n. Adem\u00e1s de ser te\u00f3loga, llevo 8 a\u00f1os escribiendo acerca de lo que aprendo en mis&nbsp;&nbsp;devocionales. Creo que orar y estudiar&nbsp;la Biblia diariamente&nbsp;&nbsp;y seguir la gu\u00eda del Esp\u00edritu Santo son la clave para sentirse completos y vivir&nbsp;&nbsp;una vida con prop\u00f3sito. Como persona introvertida que soy, el tiempo a solas con Dios alimenta mi esp\u00edritu, las conversaciones profundas nutren mi alma y pasar tiempo reflexionando es algo habitual en m\u00ed. Escribir siempre me ha ayudado a entender mis pensamientos,&hellip;<\/p>\n","category_list_v2":"","author_info_v2":{"name":"Madeleine","url":"https:\/\/mylampblog.com\/es\/author\/mylampbloggmail-com\/"},"comments_num_v2":"0 comments","_links":{"self":[{"href":"https:\/\/mylampblog.com\/es\/wp-json\/wp\/v2\/pages\/38","targetHints":{"allow":["GET"]}}],"collection":[{"href":"https:\/\/mylampblog.com\/es\/wp-json\/wp\/v2\/pages"}],"about":[{"href":"https:\/\/mylampblog.com\/es\/wp-json\/wp\/v2\/types\/page"}],"author":[{"embeddable":true,"href":"https:\/\/mylampblog.com\/es\/wp-json\/wp\/v2\/users\/1"}],"replies":[{"embeddable":true,"href":"https:\/\/mylampblog.com\/es\/wp-json\/wp\/v2\/comments?post=38"}],"version-history":[{"count":152,"href":"https:\/\/mylampblog.com\/es\/wp-json\/wp\/v2\/pages\/38\/revisions"}],"predecessor-version":[{"id":2030,"href":"https:\/\/mylampblog.com\/es\/wp-json\/wp\/v2\/pages\/38\/revisions\/2030"}],"wp:attachment":[{"href":"https:\/\/mylampblog.com\/es\/wp-json\/wp\/v2\/media?parent=38"}],"curies":[{"name":"wp","href":"https:\/\/api.w.org\/{rel}","templated":true}]}}