{"id":42,"date":"2016-08-05T09:53:10","date_gmt":"2016-08-05T09:53:10","guid":{"rendered":"http:\/\/mylampblog.com\/?page_id=42"},"modified":"2025-12-17T16:58:14","modified_gmt":"2025-12-17T15:58:14","slug":"contact","status":"publish","type":"page","link":"https:\/\/mylampblog.com\/es\/contact\/","title":{"rendered":"Contacto"},"content":{"rendered":"\n<div class=\"wp-block-ugb-columns ugb-columns ugb-ecd6236 ugb-columns--design-plain ugb-columns--columns-2 ugb-main-block\" id=\"\"><div class=\"ugb-inner-block\"><div class=\"ugb-block-content\"><div class=\"ugb-columns__item ugb-ecd6236-content-wrapper\">\n<div class=\"wp-block-ugb-column ugb-column ugb-2a794ba ugb-column--design-plain ugb-main-block\" id=\"\"><div class=\"ugb-inner-block\"><div class=\"ugb-block-content\"><div class=\"ugb-column__item ugb-2a794ba-column-wrapper\"><div class=\"ugb-column__content-wrapper\">\n<p><strong>\u00a1Me encantar\u00eda saber de ti!<\/strong><\/p>\n\n\n\n<p>Como no hablo espa\u00f1ol no puedo responderte directamente, pero si hablas un poco de ingl\u00e9s o alem\u00e1n me encantar\u00eda hablar contigo. Si no,&nbsp;puedes escribirme en espa\u00f1ol y mi amiga Ana Mora nos ayudar\u00e1 con la traducci\u00f3n. Por favor ten paciencia en ese caso, ya que el proceso de traducci\u00f3n conlleva mucho tiempo.<\/p>\n<\/div><\/div><\/div><\/div><\/div>\n\n\n\n<div class=\"wp-block-ugb-column ugb-column ugb-d5c94d2 ugb-column--design-plain ugb-main-block\" id=\"\"><div class=\"ugb-inner-block\"><div class=\"ugb-block-content\"><div class=\"ugb-column__item ugb-d5c94d2-column-wrapper\"><div class=\"ugb-column__content-wrapper\">\n<figure class=\"wp-block-image size-large\"><img loading=\"lazy\" decoding=\"async\" width=\"1024\" height=\"1024\" src=\"https:\/\/mylampblog.com\/wp-content\/uploads\/2020\/06\/IMG_2211-1024x1024.jpg\" alt=\"\" class=\"wp-image-1022\" srcset=\"https:\/\/mylampblog.com\/wp-content\/uploads\/2020\/06\/IMG_2211-1024x1024.jpg 1024w, https:\/\/mylampblog.com\/wp-content\/uploads\/2020\/06\/IMG_2211-300x300.jpg 300w, https:\/\/mylampblog.com\/wp-content\/uploads\/2020\/06\/IMG_2211-150x150.jpg 150w, https:\/\/mylampblog.com\/wp-content\/uploads\/2020\/06\/IMG_2211-768x768.jpg 768w, https:\/\/mylampblog.com\/wp-content\/uploads\/2020\/06\/IMG_2211-1536x1536.jpg 1536w, https:\/\/mylampblog.com\/wp-content\/uploads\/2020\/06\/IMG_2211-2048x2048.jpg 2048w, https:\/\/mylampblog.com\/wp-content\/uploads\/2020\/06\/IMG_2211-1200x1200.jpg 1200w, https:\/\/mylampblog.com\/wp-content\/uploads\/2020\/06\/IMG_2211-1980x1980.jpg 1980w\" sizes=\"auto, (max-width: 1024px) 100vw, 1024px\" \/><\/figure>\n<\/div><\/div><\/div><\/div><\/div>\n<\/div><\/div><\/div><\/div>\n\n\n\n<p>Env\u00edame tus peticiones de oraci\u00f3n y preguntas por email:&nbsp;&nbsp;<a href=\"mailto:mylampblog@gmail.com\">mylampblog@gmail.com<\/a><\/p>\n\n\n\n<p>Tambi\u00e9n puedes escribirme por privado en <a href=\"https:\/\/www.instagram.com\/la.lampara.a.mis.pies\/\">Instagram\u00a0<\/a><\/p>\n","protected":false},"excerpt":{"rendered":"<p>\u00a1Me encantar\u00eda saber de ti! Como no hablo espa\u00f1ol no puedo responderte directamente, pero si hablas un poco de ingl\u00e9s o alem\u00e1n me encantar\u00eda hablar contigo. Si no,&nbsp;puedes escribirme en espa\u00f1ol y mi amiga Ana Mora nos ayudar\u00e1 con la traducci\u00f3n. Por favor ten paciencia en ese caso, ya que el proceso de traducci\u00f3n conlleva [&hellip;]<\/p>\n","protected":false},"author":1,"featured_media":0,"parent":0,"menu_order":0,"comment_status":"closed","ping_status":"closed","template":"","meta":{"footnotes":""},"class_list":["post-42","page","type-page","status-publish","hentry"],"translation":{"provider":"WPGlobus","version":"3.0.0","language":"es","enabled_languages":["en","es","de"],"languages":{"en":{"title":true,"content":true,"excerpt":false},"es":{"title":true,"content":true,"excerpt":false},"de":{"title":true,"content":true,"excerpt":false}}},"aioseo_notices":[],"featured_image_urls_v2":{"full":"","thumbnail":"","medium":"","medium_large":"","large":"","1536x1536":"","2048x2048":"","post-thumbnail":"","twentytwenty-fullscreen":""},"post_excerpt_stackable_v2":"<p>\u00a1Me encantar\u00eda saber de ti! Como no hablo espa\u00f1ol no puedo responderte directamente, pero si hablas un poco de ingl\u00e9s o alem\u00e1n me encantar\u00eda hablar contigo. Si no,&nbsp;puedes escribirme en espa\u00f1ol y mi amiga Ana Mora nos ayudar\u00e1 con la traducci\u00f3n. Por favor ten paciencia en ese caso, ya que el proceso de traducci\u00f3n conlleva mucho tiempo. Env\u00edame tus peticiones de oraci\u00f3n y preguntas por email:&nbsp;&nbsp;mylampblog@gmail.com Tambi\u00e9n puedes escribirme por privado en Instagram\u00a0<\/p>\n","category_list_v2":"","author_info_v2":{"name":"Madeleine","url":"https:\/\/mylampblog.com\/es\/author\/mylampbloggmail-com\/"},"comments_num_v2":"0 comments","_links":{"self":[{"href":"https:\/\/mylampblog.com\/es\/wp-json\/wp\/v2\/pages\/42","targetHints":{"allow":["GET"]}}],"collection":[{"href":"https:\/\/mylampblog.com\/es\/wp-json\/wp\/v2\/pages"}],"about":[{"href":"https:\/\/mylampblog.com\/es\/wp-json\/wp\/v2\/types\/page"}],"author":[{"embeddable":true,"href":"https:\/\/mylampblog.com\/es\/wp-json\/wp\/v2\/users\/1"}],"replies":[{"embeddable":true,"href":"https:\/\/mylampblog.com\/es\/wp-json\/wp\/v2\/comments?post=42"}],"version-history":[{"count":53,"href":"https:\/\/mylampblog.com\/es\/wp-json\/wp\/v2\/pages\/42\/revisions"}],"predecessor-version":[{"id":2159,"href":"https:\/\/mylampblog.com\/es\/wp-json\/wp\/v2\/pages\/42\/revisions\/2159"}],"wp:attachment":[{"href":"https:\/\/mylampblog.com\/es\/wp-json\/wp\/v2\/media?parent=42"}],"curies":[{"name":"wp","href":"https:\/\/api.w.org\/{rel}","templated":true}]}}